{"id":1138,"date":"2020-06-01T15:05:18","date_gmt":"2020-06-01T15:05:18","guid":{"rendered":"http:\/\/redhost:8888\/amaya\/?page_id=1138"},"modified":"2025-04-10T13:45:28","modified_gmt":"2025-04-10T11:45:28","slug":"barista-nomade","status":"publish","type":"page","link":"https:\/\/filtre.coffee\/nl\/barista-nomade\/","title":{"rendered":"Nomad Barista"},"content":{"rendered":"<div class=\"wp-block-media-text alignwide is-stacked-on-mobile\" style=\"grid-template-columns:54% auto\"><figure class=\"wp-block-media-text__media\"><img loading=\"lazy\" decoding=\"async\" width=\"1024\" height=\"1024\" src=\"https:\/\/filtre.coffee\/wp-content\/uploads\/2025\/03\/Coffee-1-1-1024x1024.jpg\" alt=\"\" class=\"wp-image-4979 size-full\" srcset=\"https:\/\/filtre.coffee\/wp-content\/uploads\/2025\/03\/Coffee-1-1-1024x1024.jpg 1024w, https:\/\/filtre.coffee\/wp-content\/uploads\/2025\/03\/Coffee-1-1-300x300.jpg 300w, https:\/\/filtre.coffee\/wp-content\/uploads\/2025\/03\/Coffee-1-1-150x150.jpg 150w, https:\/\/filtre.coffee\/wp-content\/uploads\/2025\/03\/Coffee-1-1-768x769.jpg 768w, https:\/\/filtre.coffee\/wp-content\/uploads\/2025\/03\/Coffee-1-1-800x800.jpg 800w, https:\/\/filtre.coffee\/wp-content\/uploads\/2025\/03\/Coffee-1-1-560x560.jpg 560w, https:\/\/filtre.coffee\/wp-content\/uploads\/2025\/03\/Coffee-1-1-250x250.jpg 250w, https:\/\/filtre.coffee\/wp-content\/uploads\/2025\/03\/Coffee-1-1-120x120.jpg 120w, https:\/\/filtre.coffee\/wp-content\/uploads\/2025\/03\/Coffee-1-1-600x601.jpg 600w, https:\/\/filtre.coffee\/wp-content\/uploads\/2025\/03\/Coffee-1-1-100x100.jpg 100w, https:\/\/filtre.coffee\/wp-content\/uploads\/2025\/03\/Coffee-1-1.jpg 1200w\" sizes=\"auto, (max-width: 1024px) 100vw, 1024px\" \/><\/figure><div class=\"wp-block-media-text__content\"><h2 class=\"wp-block-heading has-text-align-center\">Barista Nomad<\/h2>\n\n<p class=\"has-text-align-center\"><br><br>We maken geen koffie, we cre\u00ebren een ervaring.<\/p>\n\n<p class=\"has-text-align-center\"><br>Een echte mobiele koffiebar, stijlvol, warm en zorgvuldig opgezet in jouw evenementruimte, als een speakeasy die ruikt naar versgemalen koffie.\nBij ons is elk kopje een moment, en elk moment is gemaakt om lang te duren.<br>Bij ons is elk kopje een moment en elk moment is gemaakt om lang mee te gaan.<\/p>\n\n<div style=\"height:24px\" aria-hidden=\"true\" class=\"wp-block-spacer\"><\/div><\/div><\/div><h3 class=\"wp-block-heading alignwide has-text-align-center\"><br><em>De koffie die je evenementen EINDELIJK eer aandoet<\/em><\/h3><p class=\"has-text-align-center\">Je bent weken bezig geweest om de laatste hand te leggen aan dit evenement. De cateraar is chic, de lichten zijn goed ingestelt, de klantervaring is perfect. En dan... net als je op het punt staat om aftesluiten\u2026 krijg je een medium slappe koffie die duidelijk in 2019 werd bereid. <\/p><section id=\"contentboxes-mb-block-3f3579f7-e756-42ab-b4ec-296f95a3d328\" class=\"section section-contentboxes\">\n\n\t\t<div class=\"contentboxes-wrap none\">\n\t\t\t\t\t<div class=\"contentboxes-masonry\">\n\n\t\t\t\t<div class=\"grid-sizer-contentboxes\"><\/div>\n\n\t\t\t\t\n\t\t\t\t<div class=\"content-box- contentboxes-image-wrap bg-color half-width square content-dark no-vertical-text has-content cb-mobile-content-leave\"  data-aos=\"fade-up\" data-aos-delay=\"100\"    >\n\n\t\t\t\t\t<div class=\"contentboxes-image-wrap-inner\">\n\n\t\t\t\t\t\n\t\t\t\t\t\t<div class=\"contentboxes-zoom-wrap\">\n\t\t\t\t\t\t\n\t\t\t\t\t\t\n\t\t\t\t\t\t\n\t\t\t\t\t\t\t<div class=\"contentboxes-content-wrap centered-content contentboxes-content-center contentboxes-content-middle\"  style=\"background-color: #e3eaf2\"  >\n\n\t\t\t\t\t\t\t\t\t\t\t\t\t\t\t\t<div class=\"contentboxes-content section-content\">\n\t\t\t\t\t\t\t\t\t\t\t\t\t\t\t\t\t\t\t\t\t\t\t\t\t\t\t\t\t\t\t\t\t\t                \t\t\t\t\t\t\t                \t\t\t\t\t\t\t                \t<div class=\"contentboxes-content-item contentboxes-text\"  data-aos=\"fade-up\" data-aos-delay=\"340\"  >Een ultrazuivere toonbank die is ontworpen om op te vallen en naadloos op te gaan in je interieur.\r\n<br> Een Victoria Arduino E1 Prima Pro - de Formule 1 onder de espressomachines, maar dan sexier.\r\n<br>Hooggekwalificeerde barista's.\r\nEen geavanceerd menu: espresso, cappuccino, latte, cold brew, matcha, koffiecocktails.\r\n<br>Origineel minibakje.\r\n<br>Plantaardige melk, voor intoleranten en overtuigden.<\/div>\n\t\t\t\t\t\t\t                \t\t\t\t\t\t\t                \t\t\t\t\t\t        \t<\/div>\n\t\t\t\t\t\t        \t\n\t\t\t\t\t\t\t\t\t\t\t\t\t\n\t\t\t\t\t\t<\/div>\n\t\t\t\t\t<\/div>\n\t\t\t\t\t<\/div>\n\n\t\t\t\t\t\t   \t \n\t\t\t\t<\/div>\n\t\t\t\t\t\n\t\t\t\n\t\t\t\t<div class=\"content-box- contentboxes-image-wrap bg-color half-width square content-dark no-vertical-text has-content\"  data-aos=\"fade-up\" data-aos-delay=\"200\"    >\n\n\t\t\t\t\t<div class=\"contentboxes-image-wrap-inner\">\n\n\t\t\t\t\t\n\t\t\t\t\t\t<div class=\"contentboxes-zoom-wrap\">\n\t\t\t\t\t\t\n\t\t\t\t\t\t\n\t\t\t\t\t\t\n\t\t\t\t\t\t\t<div class=\"contentboxes-content-wrap centered-content contentboxes-content-center contentboxes-content-middle\"  style=\"background-color: #faf8f5\"  >\n\n\t\t\t\t\t\t\t\t\t\t\t\t\t\t\t\t<div class=\"contentboxes-content section-content\">\n\t\t\t\t\t\t\t\t\t\t\t\t\t\t\t\t\t\t\t\t\t\t\t\t\t\t\t\t\t\t\t\t\t\t                \t\t\t\t\t\t\t                \t\t\t\t\t\t\t                \t<div class=\"contentboxes-content-item contentboxes-text translation-block\"  data-aos=\"fade-up\" data-aos-delay=\"340\"  >Specialiteitskoffie, met zorg ingekocht, lokaal gebrand, met branders die je kunt kiezen uit onze lijst van leveranciers, afhankelijk van je stemming. \n<br> En bovenal... een moment van plezier en overdracht: \n<br> We nodigen ook jouw gasten uit om hun handen vuil te maken: mini latte art workshop, express introductie in de wereld van koffie, branding en smaak discussies... als een kleine express one-to-one.<\/div>\n\t\t\t\t\t\t\t                \t\t\t\t\t\t\t                \t\t\t\t\t\t        \t<\/div>\n\t\t\t\t\t\t        \t\n\t\t\t\t\t\t\t\t\t\t\t\t\t\n\t\t\t\t\t\t<\/div>\n\t\t\t\t\t<\/div>\n\t\t\t\t\t<\/div>\n\n\t\t\t\t\t\t   \t \n\t\t\t\t<\/div>\n\t\t\t\t\t\n\t\t\t\t\t\t<\/div>\n\t\t\t\t<\/div>\n\n\t<\/section><div style=\"height:35px\" aria-hidden=\"true\" class=\"wp-block-spacer\"><\/div><div class=\"wp-block-buttons is-content-justification-center is-layout-flex wp-container-core-buttons-is-layout-16018d1d wp-block-buttons-is-layout-flex\"><div class=\"wp-block-button is-style-outline is-style-outline--1\"><a class=\"wp-block-button__link has-text-align-center wp-element-button\">contact met ons opnemen<\/a><\/div><\/div><div style=\"height:35px\" aria-hidden=\"true\" class=\"wp-block-spacer\"><\/div><section id=\"section-gallery-mb-block-153a5af9-12cc-4ce8-ba66-b0f13adbca2b\" class=\"section section-gallery  alignwide\">\n\n\t\t<div class=\"gallery-wrap twelve\">\n\t\t\t\t\t<div class=\"gallery-images-masonry\">\n\n\t\t\t\t<div class=\"grid-sizer-gallery\"><\/div>\n\t\t\t\t\n\t\t\t\t\t\t<div class=\"gallery-image-wrap half-width half-height\" data-aos=\"fade-up\" data-aos-delay=\"100\"  >\n\n\t\t\t\t\t\t\t<div class=\"gallery-image-wrap-inner\">\n\n\t\t\t\t\t\t\t\t\t\t\t\t\t\t\t\t\t<a href=\"https:\/\/filtre.coffee\/wp-content\/uploads\/2020\/12\/coffeebean-category-events.jpg\" class=\"links_to_image\">\n\t\t\t\t\t\t\t\t\t\t\t\t    \t\n\t\t\t\t\t\t\t\t\t<div class=\"gallery-image\" style=\"background-image: url(https:\/\/filtre.coffee\/wp-content\/uploads\/2020\/12\/coffeebean-category-events.jpg);\"><\/div>\n\n\t\t\t\t\t\t\t\t\t\t\t\t\t\t\t\t\t<\/a>\n\t\t\t\t\t\t\t\t\n\t\t\t\t\t\t\t<\/div>\n\t\t   \t \n\t\t\t\t\t\t<\/div>\n\t\t\t\t\t\t\n\t\t\t\t\n\t\t\t\n\t\t\t\t\t\t<div class=\"gallery-image-wrap half-width square\" data-aos=\"fade-up\" data-aos-delay=\"100\"  >\n\n\t\t\t\t\t\t\t<div class=\"gallery-image-wrap-inner\">\n\n\t\t\t\t\t\t\t\t\t\t\t\t\t\t\t\t\t<a href=\"https:\/\/filtre.coffee\/wp-content\/uploads\/2025\/03\/latte-art.jpg\" class=\"links_to_image\">\n\t\t\t\t\t\t\t\t\t\t\t\t    \t\n\t\t\t\t\t\t\t\t\t<div class=\"gallery-image\" style=\"background-image: url(https:\/\/filtre.coffee\/wp-content\/uploads\/2025\/03\/latte-art.jpg);\"><\/div>\n\n\t\t\t\t\t\t\t\t\t\t\t\t\t\t\t\t\t<\/a>\n\t\t\t\t\t\t\t\t\n\t\t\t\t\t\t\t<\/div>\n\t\t   \t \n\t\t\t\t\t\t<\/div>\n\t\t\t\t\t\t\n\t\t\t\t\n\t\t\t\n\t\t\t\t\t\t<div class=\"gallery-image-wrap quarter uncropped\" data-aos=\"fade-up\" data-aos-delay=\"100\"  >\n\n\t\t\t\t\t\t\t<div class=\"gallery-image-wrap-inner\">\n\n\t\t\t\t\t\t\t\t\t\t\t\t\t\t\t\t\t<a href=\"https:\/\/filtre.coffee\/wp-content\/uploads\/2020\/12\/coffeebean-category-learn-800x454.jpg\" class=\"links_to_image\">\n\t\t\t\t\t\t\t\t\t\t\t\t    \t\n\t\t\t\t\t\t\t\t\t<div class=\"gallery-image\" style=\"background-image: url(https:\/\/filtre.coffee\/wp-content\/uploads\/2020\/12\/coffeebean-category-learn-800x454.jpg);\"><\/div>\n\n\t\t\t\t\t\t\t\t\t\t\t\t\t\t\t\t\t<\/a>\n\t\t\t\t\t\t\t\t\n\t\t\t\t\t\t\t<\/div>\n\t\t   \t \n\t\t\t\t\t\t<\/div>\n\t\t\t\t\t\t\n\t\t\t\t\n\t\t\t\n\t\t\t\t\t\t<div class=\"gallery-image-wrap quarter-width square\" data-aos=\"fade-up\" data-aos-delay=\"100\"  >\n\n\t\t\t\t\t\t\t<div class=\"gallery-image-wrap-inner\">\n\n\t\t\t\t\t\t\t\t\t\t\t\t\t\t\t\t\t<a href=\"https:\/\/filtre.coffee\/wp-content\/uploads\/2020\/12\/coffeebean-coconut-cold-brew.jpg\" class=\"links_to_image\">\n\t\t\t\t\t\t\t\t\t\t\t\t    \t\n\t\t\t\t\t\t\t\t\t<div class=\"gallery-image\" style=\"background-image: url(https:\/\/filtre.coffee\/wp-content\/uploads\/2020\/12\/coffeebean-coconut-cold-brew.jpg);\"><\/div>\n\n\t\t\t\t\t\t\t\t\t\t\t\t\t\t\t\t\t<\/a>\n\t\t\t\t\t\t\t\t\n\t\t\t\t\t\t\t<\/div>\n\t\t   \t \n\t\t\t\t\t\t<\/div>\n\t\t\t\t\t\t\n\t\t\t\t\n\t\t\t\t\t\t<\/div>\n\t\t\t\t<\/div>\n\t<\/section><div style=\"height:35px\" aria-hidden=\"true\" class=\"wp-block-spacer\"><\/div><section id=\"contentboxes-mb-block-cd415a2c-d06f-4a1c-bccf-f91bd42a8c21\" class=\"section section-contentboxes\">\n\n\t\t<div class=\"contentboxes-wrap none\">\n\t\t\t\t\t<div class=\"contentboxes-masonry\">\n\n\t\t\t\t<div class=\"grid-sizer-contentboxes\"><\/div>\n\n\t\t\t\t\n\t\t\t\t<div class=\"content-box- contentboxes-image-wrap bg-color half-width half-height content-dark no-vertical-text has-content cb-mobile-content-leave\"  data-aos=\"fade-up\" data-aos-delay=\"100\"    >\n\n\t\t\t\t\t<div class=\"contentboxes-image-wrap-inner\">\n\n\t\t\t\t\t\n\t\t\t\t\t\t<div class=\"contentboxes-zoom-wrap\">\n\t\t\t\t\t\t\n\t\t\t\t\t\t\n\t\t\t\t\t\t\n\t\t\t\t\t\t\t<div class=\"contentboxes-content-wrap centered-content contentboxes-content-center contentboxes-content-middle\"  style=\"background-color: #faf8f5\"  >\n\n\t\t\t\t\t\t\t\t\t\t\t\t\t\t\t\t<div class=\"contentboxes-content section-content\">\n\t\t\t\t\t\t\t\t\t\t\t\t\t\t\t\t\t\t\t\t\t\t\t\t\t\t\t\t\t\t\t\t\t\t                \t\t\t\t\t\t\t                \t\t\t\t\t\t\t                \t<div class=\"contentboxes-content-item contentboxes-text\"  data-aos=\"fade-up\" data-aos-delay=\"340\"  >Barista Nomad is een kant-en-klare service.<br> Jij kiest het aantal uren, het serviceniveau, de cafe\u00efne-stemming van de dag en wij zorgen voor de rest.<\/div>\n\t\t\t\t\t\t\t                \t\t\t\t\t\t\t                \t\t\t\t\t\t        \t<\/div>\n\t\t\t\t\t\t        \t\n\t\t\t\t\t\t\t\t\t\t\t\t\t\n\t\t\t\t\t\t<\/div>\n\t\t\t\t\t<\/div>\n\t\t\t\t\t<\/div>\n\n\t\t\t\t\t\t   \t \n\t\t\t\t<\/div>\n\t\t\t\t\t\n\t\t\t\n\t\t\t\t<div class=\"content-box- contentboxes-image-wrap bg-color half-width half-height content-dark no-vertical-text has-content\"  data-aos=\"fade-up\" data-aos-delay=\"200\"    >\n\n\t\t\t\t\t<div class=\"contentboxes-image-wrap-inner\">\n\n\t\t\t\t\t\n\t\t\t\t\t\t<div class=\"contentboxes-zoom-wrap\">\n\t\t\t\t\t\t\n\t\t\t\t\t\t\n\t\t\t\t\t\t\n\t\t\t\t\t\t\t<div class=\"contentboxes-content-wrap centered-content contentboxes-content-center contentboxes-content-middle\"  style=\"background-color: #e3eaf2\"  >\n\n\t\t\t\t\t\t\t\t\t\t\t\t\t\t\t\t<div class=\"contentboxes-content section-content\">\n\t\t\t\t\t\t\t\t\t\t\t\t\t\t\t\t\t\t\t\t\t\t\t\t\t\t\t\t\t\t\t\t\t\t                \t\t\t\t\t\t\t                \t\t\t\t\t\t\t                \t<div class=\"contentboxes-content-item contentboxes-text\"  data-aos=\"fade-up\" data-aos-delay=\"340\"  >Het is een beetje alsof je een gedroomde koffieshop uitnodigt voor je evenement...<br>Maar wacht niet om bediend te worden.<br> En zonder een schuim te missen.<\/div>\n\t\t\t\t\t\t\t                \t\t\t\t\t\t\t                \t\t\t\t\t\t        \t<\/div>\n\t\t\t\t\t\t        \t\n\t\t\t\t\t\t\t\t\t\t\t\t\t\n\t\t\t\t\t\t<\/div>\n\t\t\t\t\t<\/div>\n\t\t\t\t\t<\/div>\n\n\t\t\t\t\t\t   \t \n\t\t\t\t<\/div>\n\t\t\t\t\t\n\t\t\t\t\t\t<\/div>\n\t\t\t\t<\/div>\n\n\t<\/section><div style=\"height:35px\" aria-hidden=\"true\" class=\"wp-block-spacer\"><\/div><div class=\"wp-block-buttons is-content-justification-center is-layout-flex wp-container-core-buttons-is-layout-16018d1d wp-block-buttons-is-layout-flex\"><div class=\"wp-block-button\"><a class=\"wp-block-button__link has-text-align-center wp-element-button\">Neem contact met ons op<\/a><\/div><\/div><p><\/p>","protected":false},"excerpt":{"rendered":"Barista Nomad Nous ne faisons pas du caf\u00e9, nous cr\u00e9ons une exp\u00e9rience. Un v\u00e9ritable coffee bar mobile, design, chaleureux, mont\u00e9 avec soin dans ...","protected":false},"author":1,"featured_media":0,"parent":0,"menu_order":23,"comment_status":"closed","ping_status":"closed","template":"","meta":{"footnotes":""},"class_list":["post-1138","page","type-page","status-publish","hentry"],"aioseo_notices":[],"_links":{"self":[{"href":"https:\/\/filtre.coffee\/nl\/wp-json\/wp\/v2\/pages\/1138","targetHints":{"allow":["GET"]}}],"collection":[{"href":"https:\/\/filtre.coffee\/nl\/wp-json\/wp\/v2\/pages"}],"about":[{"href":"https:\/\/filtre.coffee\/nl\/wp-json\/wp\/v2\/types\/page"}],"author":[{"embeddable":true,"href":"https:\/\/filtre.coffee\/nl\/wp-json\/wp\/v2\/users\/1"}],"replies":[{"embeddable":true,"href":"https:\/\/filtre.coffee\/nl\/wp-json\/wp\/v2\/comments?post=1138"}],"version-history":[{"count":35,"href":"https:\/\/filtre.coffee\/nl\/wp-json\/wp\/v2\/pages\/1138\/revisions"}],"predecessor-version":[{"id":5293,"href":"https:\/\/filtre.coffee\/nl\/wp-json\/wp\/v2\/pages\/1138\/revisions\/5293"}],"wp:attachment":[{"href":"https:\/\/filtre.coffee\/nl\/wp-json\/wp\/v2\/media?parent=1138"}],"curies":[{"name":"wp","href":"https:\/\/api.w.org\/{rel}","templated":true}]}}