{"id":1145,"date":"2020-06-01T15:48:19","date_gmt":"2020-06-01T13:48:19","guid":{"rendered":"http:\/\/redhost:8888\/amaya\/?page_id=1145"},"modified":"2025-04-10T14:03:28","modified_gmt":"2025-04-10T12:03:28","slug":"team-building","status":"publish","type":"page","link":"https:\/\/filtre.coffee\/nl\/team-building\/","title":{"rendered":"Teambuilding"},"content":{"rendered":"<section id=\"section-gallery-mb-block-0ae6b195-c92b-4232-8f03-93a38ed71abf\" class=\"section section-gallery\">\n\n\t\t<div class=\"gallery-wrap twelve\">\n\t\t\t\t\t<div class=\"gallery-images-masonry\">\n\n\t\t\t\t<div class=\"grid-sizer-gallery\"><\/div>\n\t\t\t\t\n\t\t\t\t\t\t<div class=\"gallery-image-wrap half-width half-height\" data-aos=\"fade-up\" data-aos-delay=\"100\"  >\n\n\t\t\t\t\t\t\t<div class=\"gallery-image-wrap-inner\">\n\n\t\t\t\t\t\t\t\t\t\t\t\t\t\t\t\t\t<a href=\"https:\/\/filtre.coffee\/wp-content\/uploads\/2025\/03\/PHOTO-2025-03-18-18-18-11-1-scaled.jpg\" class=\"links_to_image\">\n\t\t\t\t\t\t\t\t\t\t\t\t    \t\n\t\t\t\t\t\t\t\t\t<div class=\"gallery-image\" style=\"background-image: url(https:\/\/filtre.coffee\/wp-content\/uploads\/2025\/03\/PHOTO-2025-03-18-18-18-11-1-scaled.jpg);\"><\/div>\n\n\t\t\t\t\t\t\t\t\t\t\t\t\t\t\t\t\t<\/a>\n\t\t\t\t\t\t\t\t\n\t\t\t\t\t\t\t<\/div>\n\t\t   \t \n\t\t\t\t\t\t<\/div>\n\t\t\t\t\t\t\n\t\t\t\t\n\t\t\t\n\t\t\t\t\t\t<div class=\"gallery-image-wrap half-width square\" data-aos=\"fade-up\" data-aos-delay=\"100\"  >\n\n\t\t\t\t\t\t\t<div class=\"gallery-image-wrap-inner\">\n\n\t\t\t\t\t\t\t\t\t\t\t\t\t\t\t\t\t<a href=\"https:\/\/filtre.coffee\/wp-content\/uploads\/2025\/03\/PHOTO-2025-03-18-18-16-20-1600x1600.jpg\" class=\"links_to_image\">\n\t\t\t\t\t\t\t\t\t\t\t\t    \t\n\t\t\t\t\t\t\t\t\t<div class=\"gallery-image\" style=\"background-image: url(https:\/\/filtre.coffee\/wp-content\/uploads\/2025\/03\/PHOTO-2025-03-18-18-16-20-1600x1600.jpg);\"><\/div>\n\n\t\t\t\t\t\t\t\t\t\t\t\t\t\t\t\t\t<\/a>\n\t\t\t\t\t\t\t\t\n\t\t\t\t\t\t\t<\/div>\n\t\t   \t \n\t\t\t\t\t\t<\/div>\n\t\t\t\t\t\t\n\t\t\t\t\n\t\t\t\n\t\t\t\t\t\t<div class=\"gallery-image-wrap quarter-width square\" data-aos=\"fade-up\" data-aos-delay=\"100\"  >\n\n\t\t\t\t\t\t\t<div class=\"gallery-image-wrap-inner\">\n\n\t\t\t\t\t\t\t\t\t\t\t\t\t\t\t\t\t<a href=\"https:\/\/filtre.coffee\/wp-content\/uploads\/2025\/03\/PHOTO-2025-03-18-18-18-31-1600x1600.jpg\" class=\"links_to_image\">\n\t\t\t\t\t\t\t\t\t\t\t\t    \t\n\t\t\t\t\t\t\t\t\t<div class=\"gallery-image\" style=\"background-image: url(https:\/\/filtre.coffee\/wp-content\/uploads\/2025\/03\/PHOTO-2025-03-18-18-18-31-1600x1600.jpg);\"><\/div>\n\n\t\t\t\t\t\t\t\t\t\t\t\t\t\t\t\t\t<\/a>\n\t\t\t\t\t\t\t\t\n\t\t\t\t\t\t\t<\/div>\n\t\t   \t \n\t\t\t\t\t\t<\/div>\n\t\t\t\t\t\t\n\t\t\t\t\n\t\t\t\n\t\t\t\t\t\t<div class=\"gallery-image-wrap quarter-width square\" data-aos=\"fade-up\" data-aos-delay=\"100\"  >\n\n\t\t\t\t\t\t\t<div class=\"gallery-image-wrap-inner\">\n\n\t\t\t\t\t\t\t\t\t\t\t\t\t\t\t\t\t<a href=\"https:\/\/filtre.coffee\/wp-content\/uploads\/2025\/03\/coffee-1600x1600.jpg\" class=\"links_to_image\">\n\t\t\t\t\t\t\t\t\t\t\t\t    \t\n\t\t\t\t\t\t\t\t\t<div class=\"gallery-image\" style=\"background-image: url(https:\/\/filtre.coffee\/wp-content\/uploads\/2025\/03\/coffee-1600x1600.jpg);\"><\/div>\n\n\t\t\t\t\t\t\t\t\t\t\t\t\t\t\t\t\t<\/a>\n\t\t\t\t\t\t\t\t\n\t\t\t\t\t\t\t<\/div>\n\t\t   \t \n\t\t\t\t\t\t<\/div>\n\t\t\t\t\t\t\n\t\t\t\t\n\t\t\t\t\t\t<\/div>\n\t\t\t\t<\/div>\n\t<\/section><div style=\"height:30px\" aria-hidden=\"true\" class=\"wp-block-spacer\"><\/div><p class=\"has-text-align-center\"><strong><strong>De StandUp koffie ervaring: lachen, quizzen en uitdagingen!<\/strong><\/strong><\/p><div id=\"divider-mb-block-4f040870-f2b1-4cc1-aa14-f95586da35ca\" class=\"divider-block divider-center divider-horizontal\"><\/div><p class=\"has-text-align-center\">Wil je de teamdynamiek een boost geven en tegelijkertijd plezier maken? Ontdek onze standup coffee teambuilding, een unieke ervaring die humor, verrassende ontdekkingen en interactieve uitdagingen combineert!<\/p><p class=\"has-text-align-center\"><br>Onder leiding van Thomas van OK Coffee, een gepassioneerd expert en koffiekenner, maakt deze teambuildingactiviteit van je koffiepauze een echte show waar iedereen bij betrokken wordt, van elkaar leert en samen lacht!<\/p><div id=\"divider-mb-block-3255eb12-e2da-4b37-8a20-db58b639e900\" class=\"divider-block divider-center divider-vertical\"><\/div><section id=\"contentboxes-mb-block-50f5e392-ba47-4662-b0df-143f890df0f4\" class=\"section section-contentboxes  alignwide\">\n\n\t\t<div class=\"contentboxes-wrap none\">\n\t\t\t\t\t<div class=\"contentboxes-masonry\">\n\n\t\t\t\t<div class=\"grid-sizer-contentboxes\"><\/div>\n\n\t\t\t\t\n\t\t\t\t<div class=\"content-box-4663 contentboxes-image-wrap bg-image full-width half-height content-white no-vertical-text has-content cb-mobile-content-leave\"  data-aos=\"fade-up\" data-aos-delay=\"100\"    >\n\n\t\t\t\t\t<div class=\"contentboxes-image-wrap-inner\">\n\n\t\t\t\t\t\n\t\t\t\t\t\t<div class=\"contentboxes-zoom-wrap\">\n\t\t\t\t\t\t\n\t\t\t\t\t\t\t\t\t\t\t\t\t<div class=\"contentboxbgimage\" style=\"background-image: url(https:\/\/filtre.coffee\/wp-content\/uploads\/2025\/03\/OK_COFFEE_TIPS-28.jpg);\"><\/div> \n\t\t\t\t\t\t\t\t\t\t\t\t<div class=\"contentbox-overlay dark has-gradient gradient-contentboxes-content-middle\" >\n\t\t\t\t\t\t\n\t\t\t\t\t\t\t<div class=\"contentboxes-content-wrap centered-content contentboxes-content-center contentboxes-content-middle\"  >\n\n\t\t\t\t\t\t\t\t\t\t\t\t\t\t\t\t<div class=\"contentboxes-content section-content\">\n\t\t\t\t\t\t\t\t\t\t\t\t\t\t\t\t\t\t\t\t\t\t\t\t\t\t\t\t\t\t\t\t\t\t                \t<h3 class=\"contentboxes-content-item contentboxes-title\"  data-aos=\"slide-up\"  >Wat maakt deze teambuilding uniek?<\/h3>\n\t\t\t\t\t\t\t                \t\t\t\t\t\t\t                \t\t\t\t\t\t\t                \t\t\t\t\t\t\t                \t<div class=\"contentboxes-content-item contentboxes-text\"  data-aos=\"fade-right\" data-aos-delay=\"340\"  >  Een leuke, interactieve benadering. Een humoristische standup die nog nooit eerder is vertoond in de koffiewereld! Een evenement dat spelletjes, quizzen, verrassingen en gelach combineert. Opties op maat voor een onvergetelijk evenement\r\n<\/div>\n\t\t\t\t\t\t\t                \t\t\t\t\t\t\t                \t\t\t\t\t\t        \t<\/div>\n\t\t\t\t\t\t        \t\n\t\t\t\t\t\t\t\t\t\t\t\t\t\t<\/div>\n\t\t\t\t\t\t\t\t\t\t\t\t\t\n\t\t\t\t\t\t<\/div>\n\t\t\t\t\t<\/div>\n\t\t\t\t\t<\/div>\n\n\t\t\t\t\t\t   \t \n\t\t\t\t<\/div>\n\t\t\t\t\t\n\t\t\t\t\t\t<\/div>\n\t\t\t\t<\/div>\n\n\t<\/section><div style=\"height:35px\" aria-hidden=\"true\" class=\"wp-block-spacer\"><\/div><div class=\"wp-block-columns is-layout-flex wp-container-core-columns-is-layout-9d6595d7 wp-block-columns-is-layout-flex\"><div class=\"wp-block-column is-layout-flow wp-block-column-is-layout-flow\"><section id=\"contentboxes-mb-block-e465f3b2-1b99-4cb9-8847-d6f9c2aea3db\" class=\"section section-contentboxes\">\n\n\t\t<div class=\"contentboxes-wrap none\">\n\t\t\t\t\t<div class=\"contentboxes-masonry\">\n\n\t\t\t\t<div class=\"grid-sizer-contentboxes\"><\/div>\n\n\t\t\t\t\n\t\t\t\t<div class=\"content-box- contentboxes-image-wrap bg-color full-width square content-dark no-vertical-text has-content cb-mobile-content-leave\"  data-aos=\"fade-up\" data-aos-delay=\"100\"    >\n\n\t\t\t\t\t<div class=\"contentboxes-image-wrap-inner\">\n\n\t\t\t\t\t\n\t\t\t\t\t\t<div class=\"contentboxes-zoom-wrap\">\n\t\t\t\t\t\t\n\t\t\t\t\t\t\n\t\t\t\t\t\t\n\t\t\t\t\t\t\t<div class=\"contentboxes-content-wrap centered-content contentboxes-content-center contentboxes-content-middle\"  style=\"background-color: #f7f2ee\"  >\n\n\t\t\t\t\t\t\t\t\t\t\t\t\t\t\t\t<div class=\"contentboxes-content section-content\">\n\t\t\t\t\t\t\t\t\t\t\t\t\t\t\t\t\t\t\t\t\t\t\t\t\t\t\t\t<div class=\"contentboxes-content-item contentboxes-subtitle subtitle-above use-body-font\"  data-aos=\"fade-down\" data-aos-delay=\"100\"  >Formule 1<\/div>\n\t\t\t\t\t\t\t\t\t\t\t\t\t\t\t\t\t\t\t\t\t\t\t\t\t                \t<span class=\"contentboxes-content-item contentboxes-title contentboxes-title-bodyfont\"  data-aos=\"slide-up\"  >\n\t\t\t\t\t\t\t                \t\tStandUp Koffie in uw bedrijf\t\t\t\t\t\t\t                \t<\/span>\n\t\t\t\t\t\t\t                \t\t\t\t\t\t\t                \t\t\t\t\t\t\t                \t<div class=\"contentboxes-content-item contentboxes-divider\"  data-aos=\"fade-right\"  ><\/div>\n\t\t\t\t\t\t\t                \t\t\t\t\t\t\t                \t\t\t\t\t\t\t                \t<div class=\"contentboxes-content-item contentboxes-text\"  data-aos=\"fade-right\" data-aos-delay=\"340\"  >Op uw locatie, ideaal om uw teams energie te geven zonder te hoeven reizen. Omvat : Een interactieve koffieshow, quizzen en anekdotes met cafe\u00efne. Een moment van gezelligheid en leren !<\/div>\n\t\t\t\t\t\t\t                \t\t\t\t\t\t\t                \t\t\t\t\t\t        \t<\/div>\n\t\t\t\t\t\t        \t\n\t\t\t\t\t\t\t\t\t\t\t\t\t\n\t\t\t\t\t\t<\/div>\n\t\t\t\t\t<\/div>\n\t\t\t\t\t<\/div>\n\n\t\t\t\t\t\t   \t \n\t\t\t\t<\/div>\n\t\t\t\t\t\n\t\t\t\t\t\t<\/div>\n\t\t\t\t<\/div>\n\n\t<\/section><\/div>\n\n<div class=\"wp-block-column is-layout-flow wp-block-column-is-layout-flow\"><section id=\"contentboxes-mb-block-50683905-3e16-412d-8b6e-94f79ff578c0\" class=\"section section-contentboxes\">\n\n\t\t<div class=\"contentboxes-wrap none\">\n\t\t\t\t\t<div class=\"contentboxes-masonry\">\n\n\t\t\t\t<div class=\"grid-sizer-contentboxes\"><\/div>\n\n\t\t\t\t\n\t\t\t\t<div class=\"content-box-4629 contentboxes-image-wrap bg-image full-width square content-white no-vertical-text has-content cb-mobile-content-leave\"  data-aos=\"fade-up\" data-aos-delay=\"100\"    >\n\n\t\t\t\t\t<div class=\"contentboxes-image-wrap-inner\">\n\n\t\t\t\t\t\n\t\t\t\t\t\t<div class=\"contentboxes-zoom-wrap\">\n\t\t\t\t\t\t\n\t\t\t\t\t\t\t\t\t\t\t\t\t<div class=\"contentboxbgimage\" style=\"background-image: url(https:\/\/filtre.coffee\/wp-content\/uploads\/2025\/03\/PHOTO-2025-03-18-18-12-48-1600x1600.jpg);\"><\/div> \n\t\t\t\t\t\t\t\t\t\t\t\t<div class=\"contentbox-overlay dark has-gradient gradient-contentboxes-content-middle\" >\n\t\t\t\t\t\t\n\t\t\t\t\t\t\t<div class=\"contentboxes-content-wrap centered-content contentboxes-content-center contentboxes-content-middle\"  >\n\n\t\t\t\t\t\t\t\t\t\t\t\t\t\t\t\t<div class=\"contentboxes-content section-content\">\n\t\t\t\t\t\t\t\t\t\t\t\t\t\t\t\t\t\t\t\t\t\t\t\t\t\t\t\t<div class=\"contentboxes-content-item contentboxes-subtitle subtitle-above use-body-font\"  data-aos=\"fade-down\" data-aos-delay=\"100\"  >Formule 2<\/div>\n\t\t\t\t\t\t\t\t\t\t\t\t\t\t\t\t\t\t\t\t\t\t\t\t\t                \t<span class=\"contentboxes-content-item contentboxes-title contentboxes-title-bodyfont\"  data-aos=\"slide-up\"  >\n\t\t\t\t\t\t\t                \t\tTeambuilding in The Hoxton\t\t\t\t\t\t\t                \t<\/span>\n\t\t\t\t\t\t\t                \t\t\t\t\t\t\t                \t\t\t\t\t\t\t                \t<div class=\"contentboxes-content-item contentboxes-divider\"  data-aos=\"fade-right\"  ><\/div>\n\t\t\t\t\t\t\t                \t\t\t\t\t\t\t                \t\t\t\t\t\t\t                \t<div class=\"contentboxes-content-item contentboxes-text\"  data-aos=\"fade-right\" data-aos-delay=\"340\"  >Een meeslepende ervaring in een uitzonderlijke omgeving. Dit pakket omvat : Het StandUp Koffie, een smakelijke lunch in een priv\u00e9ruimte in het Hoxton Hotel in Brussel.<\/div>\n\t\t\t\t\t\t\t                \t\t\t\t\t\t\t                \t\t\t\t\t\t        \t<\/div>\n\t\t\t\t\t\t        \t\n\t\t\t\t\t\t\t\t\t\t\t\t\t\t<\/div>\n\t\t\t\t\t\t\t\t\t\t\t\t\t\n\t\t\t\t\t\t<\/div>\n\t\t\t\t\t<\/div>\n\t\t\t\t\t<\/div>\n\n\t\t\t\t\t\t   \t \n\t\t\t\t<\/div>\n\t\t\t\t\t\n\t\t\t\t\t\t<\/div>\n\t\t\t\t<\/div>\n\n\t<\/section><\/div><\/div><div style=\"height:35px\" aria-hidden=\"true\" class=\"wp-block-spacer\"><\/div><section id=\"contentboxes-mb-block-4b90c3e5-6738-420d-9860-ddee5c02cb26\" class=\"section section-contentboxes\">\n\n\t\t<div class=\"contentboxes-wrap none\">\n\t\t\t\t\t<div class=\"contentboxes-masonry\">\n\n\t\t\t\t<div class=\"grid-sizer-contentboxes\"><\/div>\n\n\t\t\t\t\n\t\t\t\t<div class=\"content-box- contentboxes-image-wrap bg-color one-third-width square content-white no-vertical-text has-content\"  data-aos=\"fade-up\" data-aos-delay=\"100\"    >\n\n\t\t\t\t\t<div class=\"contentboxes-image-wrap-inner\">\n\n\t\t\t\t\t\n\t\t\t\t\t\t<div class=\"contentboxes-zoom-wrap\">\n\t\t\t\t\t\t\n\t\t\t\t\t\t\n\t\t\t\t\t\t\n\t\t\t\t\t\t\t<div class=\"contentboxes-content-wrap centered-content contentboxes-content-center contentboxes-content-middle\"  style=\"background-color: #4a5568\"  >\n\n\t\t\t\t\t\t\t\t\t\t\t\t\t\t\t\t<div class=\"contentboxes-content section-content\">\n\t\t\t\t\t\t\t\t\t\t\t\t\t\t\t\t\t\t\t\t\t\t\t\t\t\t\t\t\t\t\t\t\t\t                \t<span class=\"contentboxes-content-item contentboxes-title contentboxes-title-bodyfont\"  data-aos=\"slide-up\"  >\n\t\t\t\t\t\t\t                \t\tDeskundige koffieproeverij en historische ervaring\t\t\t\t\t\t\t                \t<\/span>\n\t\t\t\t\t\t\t                \t\t\t\t\t\t\t                \t\t\t\t\t\t\t                \t<div class=\"contentboxes-content-item contentboxes-divider\"  data-aos=\"fade-right\"  ><\/div>\n\t\t\t\t\t\t\t                \t\t\t\t\t\t\t                \t\t\t\t\t\t\t                \t<div class=\"contentboxes-content-item contentboxes-text\"  data-aos=\"fade-right\" data-aos-delay=\"340\"  >Waarom vergeet je espresso niet en ontdek je koffie op een andere manier? Thomas dompelt je onder in een meeslepende zintuiglijke ervaring, met een proeverij van ongelooflijke filterkoffies en een magische demonstratie van de Belgische Royal Coffee Siphon.<\/div>\n\t\t\t\t\t\t\t                \t\t\t\t\t\t\t                \t\t\t\t\t\t        \t<\/div>\n\t\t\t\t\t\t        \t\n\t\t\t\t\t\t\t\t\t\t\t\t\t\n\t\t\t\t\t\t<\/div>\n\t\t\t\t\t<\/div>\n\t\t\t\t\t<\/div>\n\n\t\t\t\t\t\t   \t \n\t\t\t\t<\/div>\n\t\t\t\t\t\n\t\t\t\n\t\t\t\t<div class=\"content-box- contentboxes-image-wrap bg-none one-third-width square content-dark no-vertical-text has-content\"  data-aos=\"fade-up\" data-aos-delay=\"200\"    >\n\n\t\t\t\t\t<div class=\"contentboxes-image-wrap-inner\">\n\n\t\t\t\t\t\n\t\t\t\t\t\t<div class=\"contentboxes-zoom-wrap\">\n\t\t\t\t\t\t\n\t\t\t\t\t\t\n\t\t\t\t\t\t\n\t\t\t\t\t\t\t<div class=\"contentboxes-content-wrap centered-content contentboxes-content-center\"  >\n\n\t\t\t\t\t\t\t\t\t\t\t\t\t\t\t\t<div class=\"contentboxes-content section-content\">\n\t\t\t\t\t\t\t\t\t\t\t\t\t\t\t\t\t\t\t\t\t\t\t\t\t\t\t\t\t\t\t\t\t\t                \t<h2 class=\"contentboxes-content-item contentboxes-title\"  data-aos=\"slide-up\"  >Opties voor totale ervaring!<\/h2>\n\t\t\t\t\t\t\t                \t\t\t\t\t\t\t                \t\t\t\t\t\t\t                \t\t\t\t\t\t\t                \t\t\t\t\t\t        \t<\/div>\n\t\t\t\t\t\t        \t\n\t\t\t\t\t\t\t\t\t\t\t\t\t\n\t\t\t\t\t\t<\/div>\n\t\t\t\t\t<\/div>\n\t\t\t\t\t<\/div>\n\n\t\t\t\t\t\t   \t \n\t\t\t\t<\/div>\n\t\t\t\t\t\n\t\t\t\n\t\t\t\t<div class=\"content-box-3807 contentboxes-image-wrap bg-color one-third-width square content-dark no-vertical-text has-content\"  data-aos=\"fade-up\" data-aos-delay=\"300\"    >\n\n\t\t\t\t\t<div class=\"contentboxes-image-wrap-inner\">\n\n\t\t\t\t\t\n\t\t\t\t\t\t<div class=\"contentboxes-zoom-wrap\">\n\t\t\t\t\t\t\n\t\t\t\t\t\t\n\t\t\t\t\t\t\n\t\t\t\t\t\t\t<div class=\"contentboxes-content-wrap centered-content contentboxes-content-center contentboxes-content-middle\"  style=\"background-color: #ede0d4\"  >\n\n\t\t\t\t\t\t\t\t\t\t\t\t\t\t\t\t<div class=\"contentboxes-content section-content\">\n\t\t\t\t\t\t\t\t\t\t\t\t\t\t\t\t\t\t\t\t\t\t\t\t\t\t\t\t\t\t\t\t\t\t                \t<span class=\"contentboxes-content-item contentboxes-title contentboxes-title-bodyfont\"  data-aos=\"slide-up\"  >\n\t\t\t\t\t\t\t                \t\t De Sensorische toonbank: Barista Show &amp; Cocktails\t\t\t\t\t\t\t                \t<\/span>\n\t\t\t\t\t\t\t                \t\t\t\t\t\t\t                \t\t\t\t\t\t\t                \t<div class=\"contentboxes-content-item contentboxes-divider\"  data-aos=\"fade-right\"  ><\/div>\n\t\t\t\t\t\t\t                \t\t\t\t\t\t\t                \t\t\t\t\t\t\t                \t<div class=\"contentboxes-content-item contentboxes-text\"  data-aos=\"fade-right\" data-aos-delay=\"340\"  >Een koffiebar waar altijd iets te doen is! Op het menu: Perfect uitgevoerde cappuccino's en espresso\u2019s, explosieve koffiecocktails, terroirs filterkoffies en Cold Brew palet? Barista uitdagingen: kun jij een latte art hart maken?<\/div>\n\t\t\t\t\t\t\t                \t\t\t\t\t\t\t                \t\t\t\t\t\t        \t<\/div>\n\t\t\t\t\t\t        \t\n\t\t\t\t\t\t\t\t\t\t\t\t\t\n\t\t\t\t\t\t<\/div>\n\t\t\t\t\t<\/div>\n\t\t\t\t\t<\/div>\n\n\t\t\t\t\t\t   \t \n\t\t\t\t<\/div>\n\t\t\t\t\t\n\t\t\t\n\t\t\t\t<div class=\"content-box- contentboxes-image-wrap bg-color one-third-width square content-white no-vertical-text has-content\"  data-aos=\"fade-up\" data-aos-delay=\"400\"    >\n\n\t\t\t\t\t<div class=\"contentboxes-image-wrap-inner\">\n\n\t\t\t\t\t\n\t\t\t\t\t\t<div class=\"contentboxes-zoom-wrap\">\n\t\t\t\t\t\t\n\t\t\t\t\t\t\n\t\t\t\t\t\t\n\t\t\t\t\t\t\t<div class=\"contentboxes-content-wrap centered-content contentboxes-content-center contentboxes-content-middle\"  style=\"background-color: #a7b69a\"  >\n\n\t\t\t\t\t\t\t\t\t\t\t\t\t\t\t\t<div class=\"contentboxes-content section-content\">\n\t\t\t\t\t\t\t\t\t\t\t\t\t\t\t\t\t\t\t\t\t\t\t\t\t\t\t\t\t\t\t\t\t\t                \t<span class=\"contentboxes-content-item contentboxes-title contentboxes-title-bodyfont\"  data-aos=\"slide-up\"  >\n\t\t\t\t\t\t\t                \t\tMystery Aroma Challenge\t\t\t\t\t\t\t                \t<\/span>\n\t\t\t\t\t\t\t                \t\t\t\t\t\t\t                \t\t\t\t\t\t\t                \t<div class=\"contentboxes-content-item contentboxes-divider\"  data-aos=\"fade-right\"  ><\/div>\n\t\t\t\t\t\t\t                \t\t\t\t\t\t\t                \t\t\t\t\t\t\t                \t<div class=\"contentboxes-content-item contentboxes-text\"  data-aos=\"fade-right\" data-aos-delay=\"340\"  >Kun jij de 5 verborgen koffiearoma's uit de doos met 36 flesjes raden? Een leuk en spannend olfactorisch spel om je zintuigen aan te scherpen als een echte pro!<\/div>\n\t\t\t\t\t\t\t                \t\t\t\t\t\t\t                \t\t\t\t\t\t        \t<\/div>\n\t\t\t\t\t\t        \t\n\t\t\t\t\t\t\t\t\t\t\t\t\t\n\t\t\t\t\t\t<\/div>\n\t\t\t\t\t<\/div>\n\t\t\t\t\t<\/div>\n\n\t\t\t\t\t\t   \t \n\t\t\t\t<\/div>\n\t\t\t\t\t\n\t\t\t\n\t\t\t\t<div class=\"content-box-4429 contentboxes-image-wrap bg-color one-third-width square  no-vertical-text no-content\"  data-aos=\"fade-up\" data-aos-delay=\"500\"    >\n\n\t\t\t\t\t<div class=\"contentboxes-image-wrap-inner\">\n\n\t\t\t\t\t\n\t\t\t\t\t\t<div class=\"contentboxes-zoom-wrap\">\n\t\t\t\t\t\t\n\t\t\t\t\t\t\n\t\t\t\t\t\t\n\t\t\t\t\t\t\t<div class=\"contentboxes-content-wrap centered-content\"  style=\"background-color: \"  >\n\n\t\t\t\t\t\t\t\t\n\t\t\t\t\t\t\t\t\t\t\t\t\t\n\t\t\t\t\t\t<\/div>\n\t\t\t\t\t<\/div>\n\t\t\t\t\t<\/div>\n\n\t\t\t\t\t\t   \t \n\t\t\t\t<\/div>\n\t\t\t\t\t\n\t\t\t\n\t\t\t\t<div class=\"content-box- contentboxes-image-wrap bg-image one-third-width square content-white no-vertical-text no-content\"  data-aos=\"fade-up\" data-aos-delay=\"600\"    >\n\n\t\t\t\t\t<div class=\"contentboxes-image-wrap-inner\">\n\n\t\t\t\t\t\n\t\t\t\t\t\t<div class=\"contentboxes-zoom-wrap\">\n\t\t\t\t\t\t\n\t\t\t\t\t\t\n\t\t\t\t\t\t\t\t\t\t\t\t<div class=\"contentbox-overlay   gradient-\" >\n\t\t\t\t\t\t\n\t\t\t\t\t\t\t<div class=\"contentboxes-content-wrap centered-content contentboxes-content-center\"  >\n\n\t\t\t\t\t\t\t\t\n\t\t\t\t\t\t\t\t\t\t\t\t\t\t<\/div>\n\t\t\t\t\t\t\t\t\t\t\t\t\t\n\t\t\t\t\t\t<\/div>\n\t\t\t\t\t<\/div>\n\t\t\t\t\t<\/div>\n\n\t\t\t\t\t\t   \t \n\t\t\t\t<\/div>\n\t\t\t\t\t\n\t\t\t\t\t\t<\/div>\n\t\t\t\t<\/div>\n\n\t<\/section><div class=\"wp-block-buttons is-content-justification-center is-nowrap is-layout-flex wp-container-core-buttons-is-layout-1fb9aab6 wp-block-buttons-is-layout-flex\"><div class=\"wp-block-button is-style-outline is-style-outline--1\"><a class=\"wp-block-button__link has-text-align-center wp-element-button\"><strong>Neem contact met ons op<\/strong><\/a><\/div><\/div><div style=\"height:35px\" aria-hidden=\"true\" class=\"wp-block-spacer\"><\/div><section id=\"hero-mb-block-985c2426-3152-4456-8bef-f2c920fa1830\" class=\"section section-hero  alignfull section-hero section-hero-image content-white has-overlay\">\n\n\t\t \n\t\t\t<img decoding=\"async\" class=\"hero-image hero-background hero-content-center\" src=\"https:\/\/filtre.coffee\/wp-content\/uploads\/2025\/03\/OK_COFFEE_TIPS-37.jpg\" alt=\"\" \/>\n\t\t\n\t\t<div class=\"hero-content-wrap centered-content image-uploaded hero-content-center   full-width-overlay\"  style=\"background-color:rgba(0,0,0,0.24)\" >\n\t\t\t<div class=\"hero-content section-content\">\n\t\t\t\t\t\t\t\t\t\t\t\t\n\t\t                \t\t                \t\t                \t\t\t<\/div>\n\t\t<\/div>\n\n\t\t\n\t<\/section>","protected":false},"excerpt":{"rendered":"L\u2019exp\u00e9rience StandUp Caf\u00e9 : Rires, Quiz et D\u00e9fis ! Envie de booster la dynamique d'\u00e9quipe tout en vous amusant ? D\u00e9couvrez notre team ...","protected":false},"author":1,"featured_media":0,"parent":0,"menu_order":16,"comment_status":"closed","ping_status":"closed","template":"","meta":{"footnotes":""},"class_list":["post-1145","page","type-page","status-publish","hentry"],"aioseo_notices":[],"_links":{"self":[{"href":"https:\/\/filtre.coffee\/nl\/wp-json\/wp\/v2\/pages\/1145","targetHints":{"allow":["GET"]}}],"collection":[{"href":"https:\/\/filtre.coffee\/nl\/wp-json\/wp\/v2\/pages"}],"about":[{"href":"https:\/\/filtre.coffee\/nl\/wp-json\/wp\/v2\/types\/page"}],"author":[{"embeddable":true,"href":"https:\/\/filtre.coffee\/nl\/wp-json\/wp\/v2\/users\/1"}],"replies":[{"embeddable":true,"href":"https:\/\/filtre.coffee\/nl\/wp-json\/wp\/v2\/comments?post=1145"}],"version-history":[{"count":60,"href":"https:\/\/filtre.coffee\/nl\/wp-json\/wp\/v2\/pages\/1145\/revisions"}],"predecessor-version":[{"id":5311,"href":"https:\/\/filtre.coffee\/nl\/wp-json\/wp\/v2\/pages\/1145\/revisions\/5311"}],"wp:attachment":[{"href":"https:\/\/filtre.coffee\/nl\/wp-json\/wp\/v2\/media?parent=1145"}],"curies":[{"name":"wp","href":"https:\/\/api.w.org\/{rel}","templated":true}]}}