{"id":2107,"date":"2020-07-02T16:51:08","date_gmt":"2020-07-02T16:51:08","guid":{"rendered":"http:\/\/redhost:8888\/amaya\/?page_id=2107"},"modified":"2025-04-10T13:55:17","modified_gmt":"2025-04-10T11:55:17","slug":"hotel","status":"publish","type":"page","link":"https:\/\/filtre.coffee\/nl\/hotel\/","title":{"rendered":"Hotel"},"content":{"rendered":"<section id=\"hero-mb-block-a870ea55-2c6b-4318-bad7-41b512e97e93\" class=\"section section-hero  alignwide section-hero section-hero-image content-dark no-overlay\">\n\n\t\t \n\t\t\t<picture>\n\t\t\t\t<source media=\"(min-width: 768px)\" \n\t\t\t\tsrcset=\"https:\/\/filtre.coffee\/wp-content\/uploads\/2025\/03\/cafe-specialite-bureau.png\">\n\t\t\t\t<source srcset=\"https:\/\/filtre.coffee\/wp-content\/uploads\/2025\/03\/couleur.png\">\n\t\t\t\t<img decoding=\"async\" class=\"hero-image hero-background hero-content-left hmobile-content-center hmobile-contentv-middle\" src=\"https:\/\/filtre.coffee\/wp-content\/uploads\/2025\/03\/cafe-specialite-bureau.png\" alt=\"\" \/>\n\t\t\t<\/picture>\n\t\t\n\t\t<div class=\"hero-content-wrap centered-content image-uploaded hero-content-left hmobile-content-center hmobile-contentv-middle overlay-width-undefined\" >\n\t\t\t<div class=\"hero-content section-content\">\n\t\t\t\t\t\t\t\t\t\t\t\t\t<div class=\"hero-content-item hero-subtitle subtitle-above use-body-font\"  data-aos=\"fade-down\" data-aos-delay=\"100\"  >Hotel<\/div>\n\t\t\t\t\t\t\t\t\t\t                \t<h2 class=\"hero-content-item hero-title translation-block\"  data-aos=\"slide-up\"  >Een 5-sterrenbed en een 1-sterrenkoffie <em>verpest alles<\/em><\/h2>\n\t\t                \n\t\t                \t\t                \t<div class=\"hero-content-item hero-divider\"  data-aos=\"fade-right\"  ><\/div>\n\t\t                \t\t                \t\t                \t<div class=\"hero-content-item hero-text\"  data-aos=\"fade-right\" data-aos-delay=\"340\"  >Bied je gasten een koffie-ervaring die bij hun verblijf past. Van kamer tot bar, elk kopje telt<\/div>\n\t\t                \t\t                \t\t\t<\/div>\n\t\t<\/div>\n\n\t\t\n\t<\/section><div style=\"height:114px\" aria-hidden=\"true\" class=\"wp-block-spacer\"><\/div><span id=\"subtitle-mb-block-c67e6454-ef7d-4290-b473-4abb36f782e3\" class=\"subtitle  subtitle-block subtitle-above subtitle-center use-body-font\">omdat we van koffie houden<\/span><h2 class=\"wp-block-heading has-text-align-center\">We analyseren uw behoeften<\/h2><div id=\"divider-mb-block-ee7b2322-68b3-4256-a1fe-67613350fb96\" class=\"divider-block divider-center divider-vertical\"><\/div><p class=\"has-text-align-center narrow\">Elk hotel is uniek en daarom beginnen we met een volledige studie van uw behoeften op basis van uw gasten:  Welk type koffie voor uw kamers?  Welke koffieoplossing voor uw ontbijt, lobby of bar?  Welke apparatuur past het beste bij uw klantenstroom en budget? Hoe kunt u een koffie aanbieden die een blijvende indruk maakt en uw imago weerspiegelt?<\/p><div style=\"height:65px\" aria-hidden=\"true\" class=\"wp-block-spacer\"><\/div><section id=\"contentboxes-mb-block-8d2948b0-7b2e-435b-bf77-987314a63b3e\" class=\"section section-contentboxes  alignwide\">\n\n\t\t<div class=\"contentboxes-wrap none\">\n\t\t\t\t\t<div class=\"contentboxes-masonry\">\n\n\t\t\t\t<div class=\"grid-sizer-contentboxes\"><\/div>\n\n\t\t\t\t\n\t\t\t\t<div class=\"content-box- contentboxes-image-wrap bg-color half-width half-height content-dark no-vertical-text has-content\"  data-aos=\"fade-up\" data-aos-delay=\"100\"    >\n\n\t\t\t\t\t<div class=\"contentboxes-image-wrap-inner\">\n\n\t\t\t\t\t\n\t\t\t\t\t\t<div class=\"contentboxes-zoom-wrap\">\n\t\t\t\t\t\t\n\t\t\t\t\t\t\n\t\t\t\t\t\t\n\t\t\t\t\t\t\t<div class=\"contentboxes-content-wrap centered-content contentboxes-content-center contentboxes-content-middle\"  style=\"background-color: #e2ded6\"  >\n\n\t\t\t\t\t\t\t\t\t\t\t\t\t\t\t\t<div class=\"contentboxes-content section-content\">\n\t\t\t\t\t\t\t\t\t\t\t\t\t\t\t\t\t\t\t\t\t\t\t\t\t\t\t\t\t\t\t\t\t\t                \t<h4 class=\"contentboxes-content-item contentboxes-title\"  data-aos=\"slide-up\"  >Koffie op de kamer<\/h4>\n\t\t\t\t\t\t\t                \t\t\t\t\t\t\t                \t\t\t\t\t\t\t                \t<div class=\"contentboxes-content-item contentboxes-divider\"  data-aos=\"fade-right\"  ><\/div>\n\t\t\t\t\t\t\t                \t\t\t\t\t\t\t                \t\t\t\t\t\t\t                \t<div class=\"contentboxes-content-item contentboxes-text\"  data-aos=\"fade-right\" data-aos-delay=\"340\"  >Een selectie van uitzonderlijke koffiesoorten in pods, capsules of gemalen koffie om je klanten een verfijnde pauze in hun kamer te bieden.<\/div>\n\t\t\t\t\t\t\t                \t\t\t\t\t\t\t                \t\t\t\t\t\t        \t<\/div>\n\t\t\t\t\t\t        \t\n\t\t\t\t\t\t\t\t\t\t\t\t\t\n\t\t\t\t\t\t<\/div>\n\t\t\t\t\t<\/div>\n\t\t\t\t\t<\/div>\n\n\t\t\t\t\t\t   \t \n\t\t\t\t<\/div>\n\t\t\t\t\t\n\t\t\t\n\t\t\t\t<div class=\"content-box-3813 contentboxes-image-wrap bg-color half-width half-height content-dark no-vertical-text has-content\"  data-aos=\"fade-up\" data-aos-delay=\"200\"    >\n\n\t\t\t\t\t<div class=\"contentboxes-image-wrap-inner\">\n\n\t\t\t\t\t\n\t\t\t\t\t\t<div class=\"contentboxes-zoom-wrap\">\n\t\t\t\t\t\t\n\t\t\t\t\t\t\n\t\t\t\t\t\t\n\t\t\t\t\t\t\t<div class=\"contentboxes-content-wrap centered-content contentboxes-content-center contentboxes-content-middle\"  style=\"background-color: #f5f1e8\"  >\n\n\t\t\t\t\t\t\t\t\t\t\t\t\t\t\t\t<div class=\"contentboxes-content section-content\">\n\t\t\t\t\t\t\t\t\t\t\t\t\t\t\t\t\t\t\t\t\t\t\t\t\t\t\t\t\t\t\t\t\t\t                \t<h4 class=\"contentboxes-content-item contentboxes-title\"  data-aos=\"slide-up\"  > Koffie in de bar &amp; het restaurant<\/h4>\n\t\t\t\t\t\t\t                \t\t\t\t\t\t\t                \t\t\t\t\t\t\t                \t<div class=\"contentboxes-content-item contentboxes-divider\"  data-aos=\"fade-right\"  ><\/div>\n\t\t\t\t\t\t\t                \t\t\t\t\t\t\t                \t\t\t\t\t\t\t                \t<div class=\"contentboxes-content-item contentboxes-text\"  data-aos=\"fade-right\" data-aos-delay=\"340\"  >We bieden je machines die aangepast zijn aan je verwerkingscapaciteit en koffiesoorten die geselecteerd zijn om je klanten een consistente en gedenkwaardige kwaliteit te bieden.<\/div>\n\t\t\t\t\t\t\t                \t\t\t\t\t\t\t                \t\t\t\t\t\t        \t<\/div>\n\t\t\t\t\t\t        \t\n\t\t\t\t\t\t\t\t\t\t\t\t\t\n\t\t\t\t\t\t<\/div>\n\t\t\t\t\t<\/div>\n\t\t\t\t\t<\/div>\n\n\t\t\t\t\t\t   \t \n\t\t\t\t<\/div>\n\t\t\t\t\t\n\t\t\t\n\t\t\t\t<div class=\"content-box- contentboxes-image-wrap bg-color half-width half-height content-dark no-vertical-text has-content\"  data-aos=\"fade-up\" data-aos-delay=\"300\"    >\n\n\t\t\t\t\t<div class=\"contentboxes-image-wrap-inner\">\n\n\t\t\t\t\t\n\t\t\t\t\t\t<div class=\"contentboxes-zoom-wrap\">\n\t\t\t\t\t\t\n\t\t\t\t\t\t\n\t\t\t\t\t\t\n\t\t\t\t\t\t\t<div class=\"contentboxes-content-wrap centered-content contentboxes-content-center contentboxes-content-middle\"  style=\"background-color: #faf8f5\"  >\n\n\t\t\t\t\t\t\t\t\t\t\t\t\t\t\t\t<div class=\"contentboxes-content section-content\">\n\t\t\t\t\t\t\t\t\t\t\t\t\t\t\t\t\t\t\t\t\t\t\t\t\t\t\t\t\t\t\t\t\t\t                \t<h4 class=\"contentboxes-content-item contentboxes-title\"  data-aos=\"slide-up\"  >Uitrusting &amp; training<\/h4>\n\t\t\t\t\t\t\t                \t\t\t\t\t\t\t                \t\t\t\t\t\t\t                \t<div class=\"contentboxes-content-item contentboxes-divider\"  data-aos=\"fade-right\"  ><\/div>\n\t\t\t\t\t\t\t                \t\t\t\t\t\t\t                \t\t\t\t\t\t\t                \t<div class=\"contentboxes-content-item contentboxes-text\"  data-aos=\"fade-right\" data-aos-delay=\"340\"  >We selecteren de beste machines voor je en ondersteunen je team om een perfecte extractie en een onberispelijke service te garanderen.<\/div>\n\t\t\t\t\t\t\t                \t\t\t\t\t\t\t                \t\t\t\t\t\t        \t<\/div>\n\t\t\t\t\t\t        \t\n\t\t\t\t\t\t\t\t\t\t\t\t\t\n\t\t\t\t\t\t<\/div>\n\t\t\t\t\t<\/div>\n\t\t\t\t\t<\/div>\n\n\t\t\t\t\t\t   \t \n\t\t\t\t<\/div>\n\t\t\t\t\t\n\t\t\t\n\t\t\t\t<div class=\"content-box- contentboxes-image-wrap bg-color half-width half-height content-dark no-vertical-text has-content\"  data-aos=\"fade-up\" data-aos-delay=\"400\"    >\n\n\t\t\t\t\t<div class=\"contentboxes-image-wrap-inner\">\n\n\t\t\t\t\t\n\t\t\t\t\t\t<div class=\"contentboxes-zoom-wrap\">\n\t\t\t\t\t\t\n\t\t\t\t\t\t\n\t\t\t\t\t\t\n\t\t\t\t\t\t\t<div class=\"contentboxes-content-wrap centered-content contentboxes-content-center contentboxes-content-middle\"  style=\"background-color: #e3eaf2\"  >\n\n\t\t\t\t\t\t\t\t\t\t\t\t\t\t\t\t<div class=\"contentboxes-content section-content\">\n\t\t\t\t\t\t\t\t\t\t\t\t\t\t\t\t\t\t\t\t\t\t\t\t\t\t\t\t\t\t\t\t\t\t                \t<h4 class=\"contentboxes-content-item contentboxes-title\"  data-aos=\"slide-up\"  >Een koffie dat je imago weerspiegelt<\/h4>\n\t\t\t\t\t\t\t                \t\t\t\t\t\t\t                \t\t\t\t\t\t\t                \t<div class=\"contentboxes-content-item contentboxes-divider\"  data-aos=\"fade-right\"  ><\/div>\n\t\t\t\t\t\t\t                \t\t\t\t\t\t\t                \t\t\t\t\t\t\t                \t<div class=\"contentboxes-content-item contentboxes-text\"  data-aos=\"fade-right\" data-aos-delay=\"340\"  >Waarom bied je niet je eigen koffie aan, met een verpakking in de kleuren van je hotel? Een signature koffie om ter plekke van te genieten of om mee te nemen als souvenir.<\/div>\n\t\t\t\t\t\t\t                \t\t\t\t\t\t\t                \t\t\t\t\t\t        \t<\/div>\n\t\t\t\t\t\t        \t\n\t\t\t\t\t\t\t\t\t\t\t\t\t\n\t\t\t\t\t\t<\/div>\n\t\t\t\t\t<\/div>\n\t\t\t\t\t<\/div>\n\n\t\t\t\t\t\t   \t \n\t\t\t\t<\/div>\n\t\t\t\t\t\n\t\t\t\t\t\t<\/div>\n\t\t\t\t<\/div>\n\n\t<\/section><div style=\"height:65px\" aria-hidden=\"true\" class=\"wp-block-spacer\"><\/div><section id=\"hero-mb-block-ba79731e-f8a2-445c-a615-38d9512907c5\" class=\"section section-hero  alignfull section-hero section-hero-image content-dark no-overlay\">\n\n\t\t \n\t\t\t<picture>\n\t\t\t\t<source media=\"(min-width: 768px)\" \n\t\t\t\tsrcset=\"https:\/\/filtre.coffee\/wp-content\/uploads\/2025\/03\/cafe-hotel.png\">\n\t\t\t\t<source srcset=\"https:\/\/filtre.coffee\/wp-content\/uploads\/2025\/03\/couleur.png\">\n\t\t\t\t<img decoding=\"async\" class=\"hero-image hero-background hero-content-left hmobile-content-center hmobile-contentv-middle\" src=\"https:\/\/filtre.coffee\/wp-content\/uploads\/2025\/03\/cafe-hotel.png\" alt=\"\" \/>\n\t\t\t<\/picture>\n\t\t\n\t\t<div class=\"hero-content-wrap centered-content image-uploaded hero-content-left hmobile-content-center hmobile-contentv-middle overlay-width-undefined\" >\n\t\t\t<div class=\"hero-content section-content\">\n\t\t\t\t\t\t\t\t\t\t\t\t\t<div class=\"hero-content-item hero-subtitle subtitle-above use-body-font\"  data-aos=\"fade-down\" data-aos-delay=\"100\"  >laten we koffie drinken<\/div>\n\t\t\t\t\t\t\t\t\t\t                \t<h2 class=\"hero-content-item hero-title translation-block\"  data-aos=\"slide-up\"  >Maak van jouw koffie een handtekening van het hotel<\/h2>\n\t\t                \n\t\t                \t\t                \t<div class=\"hero-content-item hero-divider\"  data-aos=\"fade-right\"  ><\/div>\n\t\t                \t\t                \t\t                \t<div class=\"hero-content-item hero-text\"  data-aos=\"fade-right\" data-aos-delay=\"340\"  >Neem contact met ons op voor een persoonlijk onderzoek en vind het ideale caf\u00e9 voor jouw hotel.<\/div>\n\t\t                \t\t                \t\t                \t<div class=\"hero-content-item hero-button-wrap\">\n\t\t\t\t\t<a href=\"\" class=\"hero-button button button-regular content-dark\" data-aos=\"fade-up\" data-aos-delay=\"380\">Neem contact met ons op <\/a>\n\t\t\t\t\t<\/div>\n\t\t                \t\t\t<\/div>\n\t\t<\/div>\n\n\t\t\n\t<\/section>","protected":false},"excerpt":{"rendered":"Nous analysons vos besoins Chaque h\u00f4tel est unique, c\u2019est pourquoi nous commen\u00e7ons par une \u00e9tude compl\u00e8te de vos besoins \u00e0 partir de vos ...","protected":false},"author":1,"featured_media":0,"parent":0,"menu_order":8,"comment_status":"closed","ping_status":"closed","template":"","meta":{"footnotes":""},"class_list":["post-2107","page","type-page","status-publish","hentry"],"aioseo_notices":[],"_links":{"self":[{"href":"https:\/\/filtre.coffee\/nl\/wp-json\/wp\/v2\/pages\/2107","targetHints":{"allow":["GET"]}}],"collection":[{"href":"https:\/\/filtre.coffee\/nl\/wp-json\/wp\/v2\/pages"}],"about":[{"href":"https:\/\/filtre.coffee\/nl\/wp-json\/wp\/v2\/types\/page"}],"author":[{"embeddable":true,"href":"https:\/\/filtre.coffee\/nl\/wp-json\/wp\/v2\/users\/1"}],"replies":[{"embeddable":true,"href":"https:\/\/filtre.coffee\/nl\/wp-json\/wp\/v2\/comments?post=2107"}],"version-history":[{"count":42,"href":"https:\/\/filtre.coffee\/nl\/wp-json\/wp\/v2\/pages\/2107\/revisions"}],"predecessor-version":[{"id":5305,"href":"https:\/\/filtre.coffee\/nl\/wp-json\/wp\/v2\/pages\/2107\/revisions\/5305"}],"wp:attachment":[{"href":"https:\/\/filtre.coffee\/nl\/wp-json\/wp\/v2\/media?parent=2107"}],"curies":[{"name":"wp","href":"https:\/\/api.w.org\/{rel}","templated":true}]}}