{"id":4870,"date":"2025-03-26T15:00:40","date_gmt":"2025-03-26T14:00:40","guid":{"rendered":"https:\/\/filtre.coffee\/?page_id=4870"},"modified":"2025-04-01T13:54:22","modified_gmt":"2025-04-01T11:54:22","slug":"cafe-personnalise","status":"publish","type":"page","link":"https:\/\/filtre.coffee\/nl\/cafe-personnalise\/","title":{"rendered":"Gepersonaliseerde koffie"},"content":{"rendered":"<section id=\"hero-mb-block-1008fd8a-ce72-4eaa-8330-5ae39ec6e801\" class=\"section section-hero  alignwide section-hero section-hero-image content-dark no-overlay\">\n\n\t\t \n\t\t\t<img decoding=\"async\" class=\"hero-image hero-background hero-content-left hmobile-content-leave hmobile-contentv-middle\" src=\"https:\/\/filtre.coffee\/wp-content\/uploads\/2025\/03\/Nouveau-projet-4.png\" alt=\"\" \/>\n\t\t\n\t\t<div class=\"hero-content-wrap centered-content image-uploaded hero-content-left hmobile-content-leave hmobile-contentv-middle overlay-width-undefined\" >\n\t\t\t<div class=\"hero-content section-content\">\n\t\t\t\t\t\t\t\t\t\t\t\t\t<div class=\"hero-content-item hero-subtitle subtitle-above use-body-font\"  data-aos=\"fade-down\" data-aos-delay=\"100\"  >Merchandising<\/div>\n\t\t\t\t\t\t\t\t\t\t                \t<h2 class=\"hero-content-item hero-title\"  data-aos=\"slide-up\"  >Cre\u00eber je <em>signature koffie<\/em>\r\n<\/h2>\n\t\t                \n\t\t                \t\t                \t<div class=\"hero-content-item hero-divider\"  data-aos=\"fade-right\"  ><\/div>\n\t\t                \t\t                \t\t                \t<div class=\"hero-content-item hero-text\"  data-aos=\"fade-right\" data-aos-delay=\"340\"  >Een origineel relatiegeschenk of een uniek product dat je imago weerspiegelt\r\n<\/div>\n\t\t                \t\t                \t\t\t<\/div>\n\t\t<\/div>\n\n\t\t\n\t<\/section><div style=\"height:65px\" aria-hidden=\"true\" class=\"wp-block-spacer\"><\/div><span id=\"subtitle-mb-block-dc2384fb-4c70-44ba-9fac-f70b8c696587\" class=\"subtitle  subtitle-block subtitle-above subtitle-center use-body-font\">omdat we van koffie houden<\/span><p class=\"has-text-align-center has-huge-font-size\"><br>Maak je eigen koffie<\/p><p class=\"has-text-align-center\">Bied je klanten, partners of werknemers een onvergetelijke ervaring met een koffie die net als jij is. Bij Filtre.coffee werken we met je samen om een signature coffee te cre\u00ebren die de waarden en wereld van je merk belichaamt. Van de selectie van de brander tot het ontwerp van de verpakking, elk detail telt. Het resultaat? Een koffie op maat die een echte loyaliteitsbooster wordt.<\/p><div style=\"height:65px\" aria-hidden=\"true\" class=\"wp-block-spacer\"><\/div><section id=\"contentboxes-mb-block-e305466b-55ca-453a-ab18-e4ffbc319ce5\" class=\"section section-contentboxes  alignwide\">\n\n\t\t<div class=\"contentboxes-wrap none\">\n\t\t\t\t\t<div class=\"contentboxes-masonry\">\n\n\t\t\t\t<div class=\"grid-sizer-contentboxes\"><\/div>\n\n\t\t\t\t\n\t\t\t\t<div class=\"content-box- contentboxes-image-wrap bg-color half-width half-height content-dark no-vertical-text has-content\"  data-aos=\"fade-up\" data-aos-delay=\"100\"    >\n\n\t\t\t\t\t<div class=\"contentboxes-image-wrap-inner\">\n\n\t\t\t\t\t\n\t\t\t\t\t\t<div class=\"contentboxes-zoom-wrap\">\n\t\t\t\t\t\t\n\t\t\t\t\t\t\n\t\t\t\t\t\t\n\t\t\t\t\t\t\t<div class=\"contentboxes-content-wrap centered-content contentboxes-content-center contentboxes-content-middle\"  style=\"background-color: #e2ded6\"  >\n\n\t\t\t\t\t\t\t\t\t\t\t\t\t\t\t\t<div class=\"contentboxes-content section-content\">\n\t\t\t\t\t\t\t\t\t\t\t\t\t\t\t\t\t\t\t\t\t\t\t\t\t\t\t\t\t\t\t\t\t\t                \t<h4 class=\"contentboxes-content-item contentboxes-title\"  data-aos=\"slide-up\"  >Selectie van koffie<\/h4>\n\t\t\t\t\t\t\t                \t\t\t\t\t\t\t                \t\t\t\t\t\t\t                \t<div class=\"contentboxes-content-item contentboxes-divider\"  data-aos=\"fade-right\"  ><\/div>\n\t\t\t\t\t\t\t                \t\t\t\t\t\t\t                \t\t\t\t\t\t\t                \t<div class=\"contentboxes-content-item contentboxes-text\"  data-aos=\"fade-right\" data-aos-delay=\"340\"  >Specialiteitskoffie, biologisch, fairtrade, zero waste, single origin...<\/div>\n\t\t\t\t\t\t\t                \t\t\t\t\t\t\t                \t\t\t\t\t\t        \t<\/div>\n\t\t\t\t\t\t        \t\n\t\t\t\t\t\t\t\t\t\t\t\t\t\n\t\t\t\t\t\t<\/div>\n\t\t\t\t\t<\/div>\n\t\t\t\t\t<\/div>\n\n\t\t\t\t\t\t   \t \n\t\t\t\t<\/div>\n\t\t\t\t\t\n\t\t\t\n\t\t\t\t<div class=\"content-box-3813 contentboxes-image-wrap bg-color half-width half-height content-dark no-vertical-text has-content\"  data-aos=\"fade-up\" data-aos-delay=\"200\"    >\n\n\t\t\t\t\t<div class=\"contentboxes-image-wrap-inner\">\n\n\t\t\t\t\t\n\t\t\t\t\t\t<div class=\"contentboxes-zoom-wrap\">\n\t\t\t\t\t\t\n\t\t\t\t\t\t\n\t\t\t\t\t\t\n\t\t\t\t\t\t\t<div class=\"contentboxes-content-wrap centered-content contentboxes-content-center contentboxes-content-middle\"  style=\"background-color: #f5f1e8\"  >\n\n\t\t\t\t\t\t\t\t\t\t\t\t\t\t\t\t<div class=\"contentboxes-content section-content\">\n\t\t\t\t\t\t\t\t\t\t\t\t\t\t\t\t\t\t\t\t\t\t\t\t\t\t\t\t\t\t\t\t\t\t                \t<h4 class=\"contentboxes-content-item contentboxes-title\"  data-aos=\"slide-up\"  >Lokale branders<\/h4>\n\t\t\t\t\t\t\t                \t\t\t\t\t\t\t                \t\t\t\t\t\t\t                \t<div class=\"contentboxes-content-item contentboxes-divider\"  data-aos=\"fade-right\"  ><\/div>\n\t\t\t\t\t\t\t                \t\t\t\t\t\t\t                \t\t\t\t\t\t\t                \t<div class=\"contentboxes-content-item contentboxes-text\"  data-aos=\"fade-right\" data-aos-delay=\"340\"  >We werken met gepassioneerde ambachtslieden.<\/div>\n\t\t\t\t\t\t\t                \t\t\t\t\t\t\t                \t\t\t\t\t\t        \t<\/div>\n\t\t\t\t\t\t        \t\n\t\t\t\t\t\t\t\t\t\t\t\t\t\n\t\t\t\t\t\t<\/div>\n\t\t\t\t\t<\/div>\n\t\t\t\t\t<\/div>\n\n\t\t\t\t\t\t   \t \n\t\t\t\t<\/div>\n\t\t\t\t\t\n\t\t\t\n\t\t\t\t<div class=\"content-box- contentboxes-image-wrap bg-color half-width half-height content-dark no-vertical-text has-content\"  data-aos=\"fade-up\" data-aos-delay=\"300\"    >\n\n\t\t\t\t\t<div class=\"contentboxes-image-wrap-inner\">\n\n\t\t\t\t\t\n\t\t\t\t\t\t<div class=\"contentboxes-zoom-wrap\">\n\t\t\t\t\t\t\n\t\t\t\t\t\t\n\t\t\t\t\t\t\n\t\t\t\t\t\t\t<div class=\"contentboxes-content-wrap centered-content contentboxes-content-center contentboxes-content-middle\"  style=\"background-color: #faf8f5\"  >\n\n\t\t\t\t\t\t\t\t\t\t\t\t\t\t\t\t<div class=\"contentboxes-content section-content\">\n\t\t\t\t\t\t\t\t\t\t\t\t\t\t\t\t\t\t\t\t\t\t\t\t\t\t\t\t\t\t\t\t\t\t                \t<h4 class=\"contentboxes-content-item contentboxes-title\"  data-aos=\"slide-up\"  >Verpakking op maat<\/h4>\n\t\t\t\t\t\t\t                \t\t\t\t\t\t\t                \t\t\t\t\t\t\t                \t<div class=\"contentboxes-content-item contentboxes-divider\"  data-aos=\"fade-right\"  ><\/div>\n\t\t\t\t\t\t\t                \t\t\t\t\t\t\t                \t\t\t\t\t\t\t                \t<div class=\"contentboxes-content-item contentboxes-text\"  data-aos=\"fade-right\" data-aos-delay=\"340\"  >Minimalistisch, modern of sterk visueel ontwerp met een kunstenaar.<\/div>\n\t\t\t\t\t\t\t                \t\t\t\t\t\t\t                \t\t\t\t\t\t        \t<\/div>\n\t\t\t\t\t\t        \t\n\t\t\t\t\t\t\t\t\t\t\t\t\t\n\t\t\t\t\t\t<\/div>\n\t\t\t\t\t<\/div>\n\t\t\t\t\t<\/div>\n\n\t\t\t\t\t\t   \t \n\t\t\t\t<\/div>\n\t\t\t\t\t\n\t\t\t\n\t\t\t\t<div class=\"content-box- contentboxes-image-wrap bg-color half-width half-height content-dark no-vertical-text has-content\"  data-aos=\"fade-up\" data-aos-delay=\"400\"    >\n\n\t\t\t\t\t<div class=\"contentboxes-image-wrap-inner\">\n\n\t\t\t\t\t\n\t\t\t\t\t\t<div class=\"contentboxes-zoom-wrap\">\n\t\t\t\t\t\t\n\t\t\t\t\t\t\n\t\t\t\t\t\t\n\t\t\t\t\t\t\t<div class=\"contentboxes-content-wrap centered-content contentboxes-content-center contentboxes-content-middle\"  style=\"background-color: #e3eaf2\"  >\n\n\t\t\t\t\t\t\t\t\t\t\t\t\t\t\t\t<div class=\"contentboxes-content section-content\">\n\t\t\t\t\t\t\t\t\t\t\t\t\t\t\t\t\t\t\t\t\t\t\t\t\t\t\t\t\t\t\t\t\t\t                \t<h4 class=\"contentboxes-content-item contentboxes-title\"  data-aos=\"slide-up\"  >Een verhaal om te vertellen<\/h4>\n\t\t\t\t\t\t\t                \t\t\t\t\t\t\t                \t\t\t\t\t\t\t                \t<div class=\"contentboxes-content-item contentboxes-divider\"  data-aos=\"fade-right\"  ><\/div>\n\t\t\t\t\t\t\t                \t\t\t\t\t\t\t                \t\t\t\t\t\t\t                \t<div class=\"contentboxes-content-item contentboxes-text\"  data-aos=\"fade-right\" data-aos-delay=\"340\"  >Elk pakket wordt een vector van emotie.\r\n<\/div>\n\t\t\t\t\t\t\t                \t\t\t\t\t\t\t                \t\t\t\t\t\t        \t<\/div>\n\t\t\t\t\t\t        \t\n\t\t\t\t\t\t\t\t\t\t\t\t\t\n\t\t\t\t\t\t<\/div>\n\t\t\t\t\t<\/div>\n\t\t\t\t\t<\/div>\n\n\t\t\t\t\t\t   \t \n\t\t\t\t<\/div>\n\t\t\t\t\t\n\t\t\t\t\t\t<\/div>\n\t\t\t\t<\/div>\n\n\t<\/section><div style=\"height:65px\" aria-hidden=\"true\" class=\"wp-block-spacer\"><\/div><section id=\"hero-mb-block-f26ddf4f-f683-49ee-ac51-53732253c532\" class=\"section section-hero  alignfull section-hero section-hero-image content-dark no-overlay\">\n\n\t\t \n\t\t\t<picture>\n\t\t\t\t<source media=\"(min-width: 768px)\" \n\t\t\t\tsrcset=\"https:\/\/filtre.coffee\/wp-content\/uploads\/2025\/03\/cafe-hotel.png\">\n\t\t\t\t<source srcset=\"https:\/\/filtre.coffee\/wp-content\/uploads\/2025\/03\/couleur.png\">\n\t\t\t\t<img decoding=\"async\" class=\"hero-image hero-background hero-content-left hmobile-content-center hmobile-contentv-middle\" src=\"https:\/\/filtre.coffee\/wp-content\/uploads\/2025\/03\/cafe-hotel.png\" alt=\"\" \/>\n\t\t\t<\/picture>\n\t\t\n\t\t<div class=\"hero-content-wrap centered-content image-uploaded hero-content-left hmobile-content-center hmobile-contentv-middle overlay-width-undefined\" >\n\t\t\t<div class=\"hero-content section-content\">\n\t\t\t\t\t\t\t\t\t\t\t\t\t<div class=\"hero-content-item hero-subtitle subtitle-above use-body-font\"  data-aos=\"fade-down\" data-aos-delay=\"100\"  >laten we koffie drinken<\/div>\n\t\t\t\t\t\t\t\t\t\t                \t<h2 class=\"hero-content-item hero-title translation-block\"  data-aos=\"slide-up\"  >Koffie aanbieden, <em> connecties maken<\/em><\/h2>\n\t\t                \n\t\t                \t\t                \t<div class=\"hero-content-item hero-divider\"  data-aos=\"fade-right\"  ><\/div>\n\t\t                \t\t                \t\t                \t<div class=\"hero-content-item hero-text\"  data-aos=\"fade-right\" data-aos-delay=\"340\"  >Klaar om je teams of klanten te verrassen met een cadeau dat opvalt in de massa? Een verfijnde, persoonlijke handtekening.<\/div>\n\t\t                \t\t                \t\t                \t<div class=\"hero-content-item hero-button-wrap\">\n\t\t\t\t\t<a href=\"\" class=\"hero-button button button-regular content-dark\" data-aos=\"fade-up\" data-aos-delay=\"380\">Neem contact met ons op <\/a>\n\t\t\t\t\t<\/div>\n\t\t                \t\t\t<\/div>\n\t\t<\/div>\n\n\t\t\n\t<\/section><p><\/p>","protected":false},"excerpt":{"rendered":"Cr\u00e9ez votre caf\u00e9 signature Offrez \u00e0 vos clients, partenaires ou collaborateurs une exp\u00e9rience inoubliable autour d\u2019un caf\u00e9 qui vous ressemble. Chez Filtre.coffee, nous ...","protected":false},"author":1,"featured_media":0,"parent":0,"menu_order":0,"comment_status":"closed","ping_status":"closed","template":"","meta":{"footnotes":""},"class_list":["post-4870","page","type-page","status-publish","hentry"],"aioseo_notices":[],"_links":{"self":[{"href":"https:\/\/filtre.coffee\/nl\/wp-json\/wp\/v2\/pages\/4870","targetHints":{"allow":["GET"]}}],"collection":[{"href":"https:\/\/filtre.coffee\/nl\/wp-json\/wp\/v2\/pages"}],"about":[{"href":"https:\/\/filtre.coffee\/nl\/wp-json\/wp\/v2\/types\/page"}],"author":[{"embeddable":true,"href":"https:\/\/filtre.coffee\/nl\/wp-json\/wp\/v2\/users\/1"}],"replies":[{"embeddable":true,"href":"https:\/\/filtre.coffee\/nl\/wp-json\/wp\/v2\/comments?post=4870"}],"version-history":[{"count":35,"href":"https:\/\/filtre.coffee\/nl\/wp-json\/wp\/v2\/pages\/4870\/revisions"}],"predecessor-version":[{"id":5199,"href":"https:\/\/filtre.coffee\/nl\/wp-json\/wp\/v2\/pages\/4870\/revisions\/5199"}],"wp:attachment":[{"href":"https:\/\/filtre.coffee\/nl\/wp-json\/wp\/v2\/media?parent=4870"}],"curies":[{"name":"wp","href":"https:\/\/api.w.org\/{rel}","templated":true}]}}